{"id":98,"date":"2025-05-18T19:12:06","date_gmt":"2025-05-18T17:12:06","guid":{"rendered":"http:\/\/wit-skup.pl\/?page_id=98"},"modified":"2025-06-03T02:19:03","modified_gmt":"2025-06-03T00:19:03","slug":"elementor-98","status":"publish","type":"page","link":"https:\/\/wit-skup.pl\/?page_id=98","title":{"rendered":"Formularz kontaktowy"},"content":{"rendered":"\t\t<div data-elementor-type=\"wp-page\" data-elementor-id=\"98\" class=\"elementor elementor-98\" data-elementor-post-type=\"page\">\n\t\t\t\t<div class=\"elementor-element elementor-element-10f7e57 e-flex e-con-boxed e-con e-parent\" data-id=\"10f7e57\" data-element_type=\"container\">\n\t\t\t\t\t<div class=\"e-con-inner\">\n\t\t\t\t<div class=\"elementor-element elementor-element-6b34e1a elementor-widget elementor-widget-html\" data-id=\"6b34e1a\" data-element_type=\"widget\" data-widget_type=\"html.default\">\n\t\t\t\t<div class=\"elementor-widget-container\">\n\t\t\t\t\t<style>\r\n  .blok-skup {\r\n    background: linear-gradient(135deg, #e4f7cb, #d3f0aa);\r\n    padding: 60px 20px;\r\n    text-align: center;\r\n    border-radius: 20px;\r\n    box-shadow: 0 10px 30px rgba(150, 200, 100, 0.15);\r\n    margin-bottom: 60px;\r\n    position: relative;\r\n  }\r\n\r\n  .blok-skup h2 {\r\n    font-size: 2.8em;\r\n    color: #2b4a16;\r\n    margin-bottom: 15px;\r\n    font-weight: 800;\r\n    text-transform: uppercase;\r\n    letter-spacing: 1px;\r\n  }\r\n\r\n  .blok-skup p.opis {\r\n    font-size: 1.1em;\r\n    color: #444;\r\n    max-width: 800px;\r\n    margin: 0 auto 30px;\r\n    line-height: 1.7em;\r\n  }\r\n\r\n  .blok-skup .firma {\r\n    font-size: 1.1em;\r\n    margin-bottom: 25px;\r\n    color: #3e3e3e;\r\n    line-height: 1.8em;\r\n  }\r\n\r\n  .blok-skup .firma strong {\r\n    color: #1f3912;\r\n  }\r\n\r\n  .blok-skup .firma a {\r\n    color: #2b4a16;\r\n    text-decoration: none;\r\n    font-weight: 600;\r\n  }\r\n\r\n  .blok-skup .firma a:hover {\r\n    text-decoration: underline;\r\n  }\r\n<\/style>\r\n\r\n<div class=\"blok-skup\">\r\n  <h2>\ud83d\udcec Kontakt<\/h2>\r\n  <p class=\"opis\">\r\n    Masz pytania lub chcesz dowiedzie\u0107 si\u0119 wi\u0119cej o warunkach wsp\u00f3\u0142pracy? Skontaktuj si\u0119 z nami telefonicznie lub mailowo \u2013 odpowiemy tak szybko, jak to mo\u017cliwe.\r\n  <\/p>\r\n  <div class=\"firma\">\r\n    <strong>Andrzej Witorze\u0144\u0107<\/strong><br>\r\n    ul. Ko\u015bciuszki 15\/2<br>\r\n    74-510 Trzci\u0144sko-Zdr\u00f3j<br>\r\n    <a href=\"tel:+48696644482\">+48 696 644 482<\/a><br>\r\n    <a href=\"tel:+48605262051\">+48 605 262 051<\/a><br>\r\n    <a href=\"mailto:kontakt@wit-skup.pl\">kontakt@wit-skup.pl<\/a>\r\n  <\/div>\r\n<\/div>\r\n\t\t\t\t<\/div>\n\t\t\t\t<\/div>\n\t\t\t\t\t<\/div>\n\t\t\t\t<\/div>\n\t\t<div class=\"elementor-element elementor-element-17303d8 e-flex e-con-boxed e-con e-parent\" data-id=\"17303d8\" data-element_type=\"container\">\n\t\t\t\t\t<div class=\"e-con-inner\">\n\t\t\t\t<div class=\"elementor-element elementor-element-40f784d elementor-button-align-stretch elementor-widget elementor-widget-form\" data-id=\"40f784d\" data-element_type=\"widget\" data-settings=\"{&quot;step_next_label&quot;:&quot;Nast\\u0119pny&quot;,&quot;step_previous_label&quot;:&quot;Poprzedni&quot;,&quot;button_width&quot;:&quot;100&quot;,&quot;step_type&quot;:&quot;number_text&quot;,&quot;step_icon_shape&quot;:&quot;circle&quot;}\" data-widget_type=\"form.default\">\n\t\t\t\t<div class=\"elementor-widget-container\">\n\t\t\t\t\t\t\t<form class=\"elementor-form\" method=\"post\" name=\"Nowy formularz\">\n\t\t\t<input type=\"hidden\" name=\"post_id\" value=\"98\"\/>\n\t\t\t<input type=\"hidden\" name=\"form_id\" value=\"40f784d\"\/>\n\t\t\t<input type=\"hidden\" name=\"referer_title\" value=\"Formularz kontaktowy - Skup zb\u00f3\u017c\" \/>\n\n\t\t\t\t\t\t\t<input type=\"hidden\" name=\"queried_id\" value=\"98\"\/>\n\t\t\t\n\t\t\t<div class=\"elementor-form-fields-wrapper elementor-labels-above\">\n\t\t\t\t\t\t\t\t<div class=\"elementor-field-type-text elementor-field-group elementor-column elementor-field-group-name elementor-col-100\">\n\t\t\t\t\t\t\t\t\t\t\t\t<label for=\"form-field-name\" class=\"elementor-field-label\">\n\t\t\t\t\t\t\t\tNazwa\t\t\t\t\t\t\t<\/label>\n\t\t\t\t\t\t\t\t\t\t\t\t\t\t<input size=\"1\" type=\"text\" name=\"form_fields[name]\" id=\"form-field-name\" class=\"elementor-field elementor-size-sm  elementor-field-textual\" placeholder=\"Nazwa\">\n\t\t\t\t\t\t\t\t\t\t\t<\/div>\n\t\t\t\t\t\t\t\t<div class=\"elementor-field-type-email elementor-field-group elementor-column elementor-field-group-email elementor-col-100 elementor-field-required\">\n\t\t\t\t\t\t\t\t\t\t\t\t<label for=\"form-field-email\" class=\"elementor-field-label\">\n\t\t\t\t\t\t\t\tE-mail\t\t\t\t\t\t\t<\/label>\n\t\t\t\t\t\t\t\t\t\t\t\t\t\t<input size=\"1\" type=\"email\" name=\"form_fields[email]\" id=\"form-field-email\" class=\"elementor-field elementor-size-sm  elementor-field-textual\" placeholder=\"E-mail\" required=\"required\">\n\t\t\t\t\t\t\t\t\t\t\t<\/div>\n\t\t\t\t\t\t\t\t<div class=\"elementor-field-type-textarea elementor-field-group elementor-column elementor-field-group-message elementor-col-100\">\n\t\t\t\t\t\t\t\t\t\t\t\t<label for=\"form-field-message\" class=\"elementor-field-label\">\n\t\t\t\t\t\t\t\tWiadomo\u015b\u0107\t\t\t\t\t\t\t<\/label>\n\t\t\t\t\t\t<textarea class=\"elementor-field-textual elementor-field  elementor-size-sm\" name=\"form_fields[message]\" id=\"form-field-message\" rows=\"4\" placeholder=\"Wiadomo\u015b\u0107\"><\/textarea>\t\t\t\t<\/div>\n\t\t\t\t\t\t\t\t<div class=\"elementor-field-group elementor-column elementor-field-type-submit elementor-col-100 e-form__buttons\">\n\t\t\t\t\t<button class=\"elementor-button elementor-size-sm\" type=\"submit\">\n\t\t\t\t\t\t<span class=\"elementor-button-content-wrapper\">\n\t\t\t\t\t\t\t\t\t\t\t\t\t\t\t\t\t\t\t\t\t\t<span class=\"elementor-button-text\">Wy\u015blij<\/span>\n\t\t\t\t\t\t\t\t\t\t\t\t\t<\/span>\n\t\t\t\t\t<\/button>\n\t\t\t\t<\/div>\n\t\t\t<\/div>\n\t\t<\/form>\n\t\t\t\t\t\t<\/div>\n\t\t\t\t<\/div>\n\t\t\t\t\t<\/div>\n\t\t\t\t<\/div>\n\t\t\t\t<\/div>\n\t\t","protected":false},"excerpt":{"rendered":"<p>\ud83d\udcec Kontakt Masz pytania lub chcesz dowiedzie\u0107 si\u0119 wi\u0119cej o warunkach wsp\u00f3\u0142pracy? Skontaktuj si\u0119 z nami telefonicznie lub mailowo \u2013 odpowiemy tak szybko, jak to mo\u017cliwe. Andrzej Witorze\u0144\u0107 ul. Ko\u015bciuszki 15\/2 74-510 Trzci\u0144sko-Zdr\u00f3j +48 696 644 482 +48 605 262 051 kontakt@wit-skup.pl<\/p>\n","protected":false},"author":1,"featured_media":0,"parent":0,"menu_order":0,"comment_status":"closed","ping_status":"closed","template":"","meta":{"footnotes":""},"class_list":["post-98","page","type-page","status-publish","hentry"],"yoast_head":"<!-- This site is optimized with the Yoast SEO plugin v25.1 - https:\/\/yoast.com\/wordpress\/plugins\/seo\/ -->\n<title>Formularz kontaktowy - Skup zb\u00f3\u017c<\/title>\n<meta name=\"robots\" content=\"index, follow, max-snippet:-1, max-image-preview:large, max-video-preview:-1\" \/>\n<link rel=\"canonical\" href=\"https:\/\/wit-skup.pl\/?page_id=98\" \/>\n<meta property=\"og:locale\" content=\"pl_PL\" \/>\n<meta property=\"og:type\" content=\"article\" \/>\n<meta property=\"og:title\" content=\"Formularz kontaktowy - Skup zb\u00f3\u017c\" \/>\n<meta property=\"og:description\" content=\"\ud83d\udcec Kontakt Masz pytania lub chcesz dowiedzie\u0107 si\u0119 wi\u0119cej o warunkach wsp\u00f3\u0142pracy? Skontaktuj si\u0119 z nami telefonicznie lub mailowo \u2013 odpowiemy tak szybko, jak to mo\u017cliwe. Andrzej Witorze\u0144\u0107 ul. Ko\u015bciuszki 15\/2 74-510 Trzci\u0144sko-Zdr\u00f3j +48 696 644 482 +48 605 262 051 kontakt@wit-skup.pl\" \/>\n<meta property=\"og:url\" content=\"https:\/\/wit-skup.pl\/?page_id=98\" \/>\n<meta property=\"og:site_name\" content=\"Skup zb\u00f3\u017c\" \/>\n<meta property=\"article:modified_time\" content=\"2025-06-03T00:19:03+00:00\" \/>\n<meta name=\"twitter:card\" content=\"summary_large_image\" \/>\n<meta name=\"twitter:label1\" content=\"Szacowany czas czytania\" \/>\n\t<meta name=\"twitter:data1\" content=\"1 minuta\" \/>\n<script type=\"application\/ld+json\" class=\"yoast-schema-graph\">{\"@context\":\"https:\/\/schema.org\",\"@graph\":[{\"@type\":\"WebPage\",\"@id\":\"https:\/\/wit-skup.pl\/?page_id=98\",\"url\":\"https:\/\/wit-skup.pl\/?page_id=98\",\"name\":\"Formularz kontaktowy - Skup zb\u00f3\u017c\",\"isPartOf\":{\"@id\":\"https:\/\/wit-skup.pl\/#website\"},\"datePublished\":\"2025-05-18T17:12:06+00:00\",\"dateModified\":\"2025-06-03T00:19:03+00:00\",\"breadcrumb\":{\"@id\":\"https:\/\/wit-skup.pl\/?page_id=98#breadcrumb\"},\"inLanguage\":\"pl-PL\",\"potentialAction\":[{\"@type\":\"ReadAction\",\"target\":[\"https:\/\/wit-skup.pl\/?page_id=98\"]}]},{\"@type\":\"BreadcrumbList\",\"@id\":\"https:\/\/wit-skup.pl\/?page_id=98#breadcrumb\",\"itemListElement\":[{\"@type\":\"ListItem\",\"position\":1,\"name\":\"Home\",\"item\":\"https:\/\/wit-skup.pl\/\"},{\"@type\":\"ListItem\",\"position\":2,\"name\":\"Formularz kontaktowy\"}]},{\"@type\":\"WebSite\",\"@id\":\"https:\/\/wit-skup.pl\/#website\",\"url\":\"https:\/\/wit-skup.pl\/\",\"name\":\"Skup zb\u00f3\u017c\",\"description\":\"\",\"potentialAction\":[{\"@type\":\"SearchAction\",\"target\":{\"@type\":\"EntryPoint\",\"urlTemplate\":\"https:\/\/wit-skup.pl\/?s={search_term_string}\"},\"query-input\":{\"@type\":\"PropertyValueSpecification\",\"valueRequired\":true,\"valueName\":\"search_term_string\"}}],\"inLanguage\":\"pl-PL\"}]}<\/script>\n<!-- \/ Yoast SEO plugin. -->","yoast_head_json":{"title":"Formularz kontaktowy - Skup zb\u00f3\u017c","robots":{"index":"index","follow":"follow","max-snippet":"max-snippet:-1","max-image-preview":"max-image-preview:large","max-video-preview":"max-video-preview:-1"},"canonical":"https:\/\/wit-skup.pl\/?page_id=98","og_locale":"pl_PL","og_type":"article","og_title":"Formularz kontaktowy - Skup zb\u00f3\u017c","og_description":"\ud83d\udcec Kontakt Masz pytania lub chcesz dowiedzie\u0107 si\u0119 wi\u0119cej o warunkach wsp\u00f3\u0142pracy? Skontaktuj si\u0119 z nami telefonicznie lub mailowo \u2013 odpowiemy tak szybko, jak to mo\u017cliwe. Andrzej Witorze\u0144\u0107 ul. Ko\u015bciuszki 15\/2 74-510 Trzci\u0144sko-Zdr\u00f3j +48 696 644 482 +48 605 262 051 kontakt@wit-skup.pl","og_url":"https:\/\/wit-skup.pl\/?page_id=98","og_site_name":"Skup zb\u00f3\u017c","article_modified_time":"2025-06-03T00:19:03+00:00","twitter_card":"summary_large_image","twitter_misc":{"Szacowany czas czytania":"1 minuta"},"schema":{"@context":"https:\/\/schema.org","@graph":[{"@type":"WebPage","@id":"https:\/\/wit-skup.pl\/?page_id=98","url":"https:\/\/wit-skup.pl\/?page_id=98","name":"Formularz kontaktowy - Skup zb\u00f3\u017c","isPartOf":{"@id":"https:\/\/wit-skup.pl\/#website"},"datePublished":"2025-05-18T17:12:06+00:00","dateModified":"2025-06-03T00:19:03+00:00","breadcrumb":{"@id":"https:\/\/wit-skup.pl\/?page_id=98#breadcrumb"},"inLanguage":"pl-PL","potentialAction":[{"@type":"ReadAction","target":["https:\/\/wit-skup.pl\/?page_id=98"]}]},{"@type":"BreadcrumbList","@id":"https:\/\/wit-skup.pl\/?page_id=98#breadcrumb","itemListElement":[{"@type":"ListItem","position":1,"name":"Home","item":"https:\/\/wit-skup.pl\/"},{"@type":"ListItem","position":2,"name":"Formularz kontaktowy"}]},{"@type":"WebSite","@id":"https:\/\/wit-skup.pl\/#website","url":"https:\/\/wit-skup.pl\/","name":"Skup zb\u00f3\u017c","description":"","potentialAction":[{"@type":"SearchAction","target":{"@type":"EntryPoint","urlTemplate":"https:\/\/wit-skup.pl\/?s={search_term_string}"},"query-input":{"@type":"PropertyValueSpecification","valueRequired":true,"valueName":"search_term_string"}}],"inLanguage":"pl-PL"}]}},"_links":{"self":[{"href":"https:\/\/wit-skup.pl\/index.php?rest_route=\/wp\/v2\/pages\/98","targetHints":{"allow":["GET"]}}],"collection":[{"href":"https:\/\/wit-skup.pl\/index.php?rest_route=\/wp\/v2\/pages"}],"about":[{"href":"https:\/\/wit-skup.pl\/index.php?rest_route=\/wp\/v2\/types\/page"}],"author":[{"embeddable":true,"href":"https:\/\/wit-skup.pl\/index.php?rest_route=\/wp\/v2\/users\/1"}],"replies":[{"embeddable":true,"href":"https:\/\/wit-skup.pl\/index.php?rest_route=%2Fwp%2Fv2%2Fcomments&post=98"}],"version-history":[{"count":118,"href":"https:\/\/wit-skup.pl\/index.php?rest_route=\/wp\/v2\/pages\/98\/revisions"}],"predecessor-version":[{"id":473,"href":"https:\/\/wit-skup.pl\/index.php?rest_route=\/wp\/v2\/pages\/98\/revisions\/473"}],"wp:attachment":[{"href":"https:\/\/wit-skup.pl\/index.php?rest_route=%2Fwp%2Fv2%2Fmedia&parent=98"}],"curies":[{"name":"wp","href":"https:\/\/api.w.org\/{rel}","templated":true}]}}