{"id":42,"date":"2025-05-18T18:00:01","date_gmt":"2025-05-18T16:00:01","guid":{"rendered":"http:\/\/wit-skup.pl\/?page_id=42"},"modified":"2025-06-03T02:02:54","modified_gmt":"2025-06-03T00:02:54","slug":"o-nas","status":"publish","type":"page","link":"https:\/\/wit-skup.pl\/?page_id=42","title":{"rendered":"O nas"},"content":{"rendered":"\t\t<div data-elementor-type=\"wp-page\" data-elementor-id=\"42\" class=\"elementor elementor-42\" data-elementor-post-type=\"page\">\n\t\t\t\t<div class=\"elementor-element elementor-element-4b6c0a3 e-flex e-con-boxed e-con e-parent\" data-id=\"4b6c0a3\" data-element_type=\"container\">\n\t\t\t\t\t<div class=\"e-con-inner\">\n\t\t\t\t<div class=\"elementor-element elementor-element-95c5c5f elementor-widget elementor-widget-html\" data-id=\"95c5c5f\" data-element_type=\"widget\" data-widget_type=\"html.default\">\n\t\t\t\t<div class=\"elementor-widget-container\">\n\t\t\t\t\t<style>\r\n  .blok-o-nas {\r\n    background: linear-gradient(135deg, #e4f7cb, #d3f0aa);\r\n    padding: 60px 20px;\r\n    text-align: center;\r\n    border-radius: 20px;\r\n    box-shadow: 0 10px 30px rgba(150, 200, 100, 0.15);\r\n    margin-bottom: 60px;\r\n    position: relative;\r\n  }\r\n\r\n  .blok-o-nas h2 {\r\n    font-size: 2.8em;\r\n    color: #2b4a16;\r\n    margin-bottom: 15px;\r\n    font-weight: 800;\r\n    text-transform: uppercase;\r\n    letter-spacing: 1px;\r\n  }\r\n\r\n  .blok-o-nas .firma {\r\n    font-size: 1.1em;\r\n    margin-bottom: 25px;\r\n    color: #3e3e3e;\r\n  }\r\n\r\n  .blok-o-nas p {\r\n    font-size: 1.1em;\r\n    color: #444;\r\n    margin-bottom: 25px;\r\n    text-align: justify;\r\n    max-width: 900px;\r\n    margin-left: auto;\r\n    margin-right: auto;\r\n  }\r\n<\/style>\r\n\r\n<div class=\"blok-o-nas\">\r\n  <h2>\ud83d\udc68\u200d\ud83c\udf3e O nas<\/h2>\r\n  <div class=\"firma\">\r\n    Firma z do\u015bwiadczeniem i zaufaniem rolnik\u00f3w\r\n  <\/div>\r\n  <p>\r\n    Od lat zajmujemy si\u0119 skupem zb\u00f3\u017c i ro\u015blin rolniczych, zapewniaj\u0105c naszym klientom uczciwe warunki, szybk\u0105 obs\u0142ug\u0119 oraz odbi\u00f3r bezpo\u015brednio z gospodarstwa. Znamy realia rynku i potrzeby rolnik\u00f3w \u2013 dlatego ka\u017cd\u0105 wsp\u00f3\u0142prac\u0119 opieramy na partnerskich relacjach.\r\n  <\/p>\r\n  <p>\r\n    Naszym drugim filarem dzia\u0142alno\u015bci jest sprzeda\u017c wapna nawozowego \u2013 magnezowego i w\u0119glanowego. Dzi\u0119ki temu wspieramy gospodarstwa r\u00f3wnie\u017c w zakresie poprawy jako\u015bci gleby i zwi\u0119kszania plon\u00f3w.\r\n  <\/p>\r\n  <p>\r\n    Jeste\u015bmy firm\u0105 lokaln\u0105, dzia\u0142aj\u0105c\u0105 g\u0142\u00f3wnie na terenie wojew\u00f3dztwa zachodniopomorskiego i lubuskiego. Zaufa\u0142o nam ju\u017c wielu \u2013 do\u0142\u0105cz do nich i przekonaj si\u0119, \u017ce warto.\r\n  <\/p>\r\n<\/div>\r\n\t\t\t\t<\/div>\n\t\t\t\t<\/div>\n\t\t\t\t\t<\/div>\n\t\t\t\t<\/div>\n\t\t\t\t<\/div>\n\t\t","protected":false},"excerpt":{"rendered":"<p>\ud83d\udc68\u200d\ud83c\udf3e O nas Firma z do\u015bwiadczeniem i zaufaniem rolnik\u00f3w Od lat zajmujemy si\u0119 skupem zb\u00f3\u017c i ro\u015blin rolniczych, zapewniaj\u0105c naszym klientom uczciwe warunki, szybk\u0105 obs\u0142ug\u0119 oraz odbi\u00f3r bezpo\u015brednio z gospodarstwa. Znamy realia rynku i potrzeby rolnik\u00f3w \u2013 dlatego ka\u017cd\u0105 wsp\u00f3\u0142prac\u0119 opieramy na partnerskich relacjach. Naszym drugim filarem dzia\u0142alno\u015bci jest sprzeda\u017c wapna nawozowego \u2013 magnezowego i [&hellip;]<\/p>\n","protected":false},"author":1,"featured_media":0,"parent":0,"menu_order":0,"comment_status":"closed","ping_status":"closed","template":"","meta":{"footnotes":""},"class_list":["post-42","page","type-page","status-publish","hentry"],"yoast_head":"<!-- This site is optimized with the Yoast SEO plugin v25.1 - https:\/\/yoast.com\/wordpress\/plugins\/seo\/ -->\n<title>O nas - Skup zb\u00f3\u017c<\/title>\n<meta name=\"robots\" content=\"index, follow, max-snippet:-1, max-image-preview:large, max-video-preview:-1\" \/>\n<link rel=\"canonical\" href=\"https:\/\/wit-skup.pl\/?page_id=42\" \/>\n<meta property=\"og:locale\" content=\"pl_PL\" \/>\n<meta property=\"og:type\" content=\"article\" \/>\n<meta property=\"og:title\" content=\"O nas - Skup zb\u00f3\u017c\" \/>\n<meta property=\"og:description\" content=\"\ud83d\udc68\u200d\ud83c\udf3e O nas Firma z do\u015bwiadczeniem i zaufaniem rolnik\u00f3w Od lat zajmujemy si\u0119 skupem zb\u00f3\u017c i ro\u015blin rolniczych, zapewniaj\u0105c naszym klientom uczciwe warunki, szybk\u0105 obs\u0142ug\u0119 oraz odbi\u00f3r bezpo\u015brednio z gospodarstwa. Znamy realia rynku i potrzeby rolnik\u00f3w \u2013 dlatego ka\u017cd\u0105 wsp\u00f3\u0142prac\u0119 opieramy na partnerskich relacjach. Naszym drugim filarem dzia\u0142alno\u015bci jest sprzeda\u017c wapna nawozowego \u2013 magnezowego i [&hellip;]\" \/>\n<meta property=\"og:url\" content=\"https:\/\/wit-skup.pl\/?page_id=42\" \/>\n<meta property=\"og:site_name\" content=\"Skup zb\u00f3\u017c\" \/>\n<meta property=\"article:modified_time\" content=\"2025-06-03T00:02:54+00:00\" \/>\n<meta name=\"twitter:card\" content=\"summary_large_image\" \/>\n<meta name=\"twitter:label1\" content=\"Szacowany czas czytania\" \/>\n\t<meta name=\"twitter:data1\" content=\"1 minuta\" \/>\n<script type=\"application\/ld+json\" class=\"yoast-schema-graph\">{\"@context\":\"https:\/\/schema.org\",\"@graph\":[{\"@type\":\"WebPage\",\"@id\":\"https:\/\/wit-skup.pl\/?page_id=42\",\"url\":\"https:\/\/wit-skup.pl\/?page_id=42\",\"name\":\"O nas - Skup zb\u00f3\u017c\",\"isPartOf\":{\"@id\":\"https:\/\/wit-skup.pl\/#website\"},\"datePublished\":\"2025-05-18T16:00:01+00:00\",\"dateModified\":\"2025-06-03T00:02:54+00:00\",\"breadcrumb\":{\"@id\":\"https:\/\/wit-skup.pl\/?page_id=42#breadcrumb\"},\"inLanguage\":\"pl-PL\",\"potentialAction\":[{\"@type\":\"ReadAction\",\"target\":[\"https:\/\/wit-skup.pl\/?page_id=42\"]}]},{\"@type\":\"BreadcrumbList\",\"@id\":\"https:\/\/wit-skup.pl\/?page_id=42#breadcrumb\",\"itemListElement\":[{\"@type\":\"ListItem\",\"position\":1,\"name\":\"Home\",\"item\":\"https:\/\/wit-skup.pl\/\"},{\"@type\":\"ListItem\",\"position\":2,\"name\":\"O nas\"}]},{\"@type\":\"WebSite\",\"@id\":\"https:\/\/wit-skup.pl\/#website\",\"url\":\"https:\/\/wit-skup.pl\/\",\"name\":\"Skup zb\u00f3\u017c\",\"description\":\"\",\"potentialAction\":[{\"@type\":\"SearchAction\",\"target\":{\"@type\":\"EntryPoint\",\"urlTemplate\":\"https:\/\/wit-skup.pl\/?s={search_term_string}\"},\"query-input\":{\"@type\":\"PropertyValueSpecification\",\"valueRequired\":true,\"valueName\":\"search_term_string\"}}],\"inLanguage\":\"pl-PL\"}]}<\/script>\n<!-- \/ Yoast SEO plugin. -->","yoast_head_json":{"title":"O nas - Skup zb\u00f3\u017c","robots":{"index":"index","follow":"follow","max-snippet":"max-snippet:-1","max-image-preview":"max-image-preview:large","max-video-preview":"max-video-preview:-1"},"canonical":"https:\/\/wit-skup.pl\/?page_id=42","og_locale":"pl_PL","og_type":"article","og_title":"O nas - Skup zb\u00f3\u017c","og_description":"\ud83d\udc68\u200d\ud83c\udf3e O nas Firma z do\u015bwiadczeniem i zaufaniem rolnik\u00f3w Od lat zajmujemy si\u0119 skupem zb\u00f3\u017c i ro\u015blin rolniczych, zapewniaj\u0105c naszym klientom uczciwe warunki, szybk\u0105 obs\u0142ug\u0119 oraz odbi\u00f3r bezpo\u015brednio z gospodarstwa. Znamy realia rynku i potrzeby rolnik\u00f3w \u2013 dlatego ka\u017cd\u0105 wsp\u00f3\u0142prac\u0119 opieramy na partnerskich relacjach. Naszym drugim filarem dzia\u0142alno\u015bci jest sprzeda\u017c wapna nawozowego \u2013 magnezowego i [&hellip;]","og_url":"https:\/\/wit-skup.pl\/?page_id=42","og_site_name":"Skup zb\u00f3\u017c","article_modified_time":"2025-06-03T00:02:54+00:00","twitter_card":"summary_large_image","twitter_misc":{"Szacowany czas czytania":"1 minuta"},"schema":{"@context":"https:\/\/schema.org","@graph":[{"@type":"WebPage","@id":"https:\/\/wit-skup.pl\/?page_id=42","url":"https:\/\/wit-skup.pl\/?page_id=42","name":"O nas - Skup zb\u00f3\u017c","isPartOf":{"@id":"https:\/\/wit-skup.pl\/#website"},"datePublished":"2025-05-18T16:00:01+00:00","dateModified":"2025-06-03T00:02:54+00:00","breadcrumb":{"@id":"https:\/\/wit-skup.pl\/?page_id=42#breadcrumb"},"inLanguage":"pl-PL","potentialAction":[{"@type":"ReadAction","target":["https:\/\/wit-skup.pl\/?page_id=42"]}]},{"@type":"BreadcrumbList","@id":"https:\/\/wit-skup.pl\/?page_id=42#breadcrumb","itemListElement":[{"@type":"ListItem","position":1,"name":"Home","item":"https:\/\/wit-skup.pl\/"},{"@type":"ListItem","position":2,"name":"O nas"}]},{"@type":"WebSite","@id":"https:\/\/wit-skup.pl\/#website","url":"https:\/\/wit-skup.pl\/","name":"Skup zb\u00f3\u017c","description":"","potentialAction":[{"@type":"SearchAction","target":{"@type":"EntryPoint","urlTemplate":"https:\/\/wit-skup.pl\/?s={search_term_string}"},"query-input":{"@type":"PropertyValueSpecification","valueRequired":true,"valueName":"search_term_string"}}],"inLanguage":"pl-PL"}]}},"_links":{"self":[{"href":"https:\/\/wit-skup.pl\/index.php?rest_route=\/wp\/v2\/pages\/42","targetHints":{"allow":["GET"]}}],"collection":[{"href":"https:\/\/wit-skup.pl\/index.php?rest_route=\/wp\/v2\/pages"}],"about":[{"href":"https:\/\/wit-skup.pl\/index.php?rest_route=\/wp\/v2\/types\/page"}],"author":[{"embeddable":true,"href":"https:\/\/wit-skup.pl\/index.php?rest_route=\/wp\/v2\/users\/1"}],"replies":[{"embeddable":true,"href":"https:\/\/wit-skup.pl\/index.php?rest_route=%2Fwp%2Fv2%2Fcomments&post=42"}],"version-history":[{"count":34,"href":"https:\/\/wit-skup.pl\/index.php?rest_route=\/wp\/v2\/pages\/42\/revisions"}],"predecessor-version":[{"id":443,"href":"https:\/\/wit-skup.pl\/index.php?rest_route=\/wp\/v2\/pages\/42\/revisions\/443"}],"wp:attachment":[{"href":"https:\/\/wit-skup.pl\/index.php?rest_route=%2Fwp%2Fv2%2Fmedia&parent=42"}],"curies":[{"name":"wp","href":"https:\/\/api.w.org\/{rel}","templated":true}]}}